{"id":310,"date":"2022-02-27T17:48:46","date_gmt":"2022-02-27T16:48:46","guid":{"rendered":"http:\/\/humitopic.pl\/beta\/?page_id=17"},"modified":"2024-01-15T18:07:34","modified_gmt":"2024-01-15T17:07:34","slug":"contact","status":"publish","type":"page","link":"https:\/\/humitopic.pl\/en\/contact\/","title":{"rendered":"Contact"},"content":{"rendered":"\n<div class=\"wp-block-columns is-layout-flex wp-container-core-columns-is-layout-9d6595d7 wp-block-columns-is-layout-flex\">\n<div class=\"wp-block-column is-layout-flow wp-block-column-is-layout-flow\">\n<p>If you have any questions, we are at your service.<\/p>\n\n\n\n<p><strong>General contact:<\/strong><br><a href=\"mailto:kontakt@humitopic.pl\">kontakt@humitopic.pl<\/a><\/p>\n\n\n\n<p><strong>Cooperation:<\/strong><br><a href=\"mailto:wspolpraca@humitopic.pl\">wspolpraca@humitopic.pl<\/a><\/p>\n\n\n\n<p><strong>Media &amp; Marketing:<\/strong><br><a href=\"mailto:media@humitopic.pl\">marketing@humitopic.pl<\/a><\/p>\n\n\n\n<p><strong>Complaints &amp; returns:<\/strong><br><a href=\"mailto:reklamacje@humitopic.pl\">reklamacje@humitopic.pl<\/a><\/p>\n<\/div>\n\n\n\n<div class=\"wp-block-column is-layout-flow wp-block-column-is-layout-flow\">\n<p><strong>Marketing Authorisation Holder<\/strong><br>COALAB Sp. z o.o.<br>Sieniawa &#8211; Osiedle G\u00f3rnicze 11A<br>66-220 \u0141ag\u00f3w<br><a href=\"tel:+48532397754\">+48 532 397 754<\/a><br>NIP: 9271966110<br>REGON: 388761155<br>KRS: 0000897081<\/p>\n<\/div>\n<\/div>\n\n\n\n<p class=\"has-text-align-center\"><\/p>\n","protected":false},"excerpt":{"rendered":"<p>If you have any questions, we are at your service. General contact:kontakt@humitopic.pl Cooperation:wspolpraca@humitopic.pl Media &amp; Marketing:marketing@humitopic.pl Complaints &amp; returns:reklamacje@humitopic.pl Marketing Authorisation HolderCOALAB Sp. z o.o.Sieniawa &#8211; Osiedle G\u00f3rnicze 11A66-220 \u0141ag\u00f3w+48 532 397 754NIP: 9271966110REGON: 388761155KRS: 0000897081<\/p>\n","protected":false},"author":2,"featured_media":0,"parent":0,"menu_order":0,"comment_status":"closed","ping_status":"closed","template":"","meta":{"footnotes":""},"class_list":["post-310","page","type-page","status-publish","hentry"],"_links":{"self":[{"href":"https:\/\/humitopic.pl\/en\/wp-json\/wp\/v2\/pages\/310","targetHints":{"allow":["GET"]}}],"collection":[{"href":"https:\/\/humitopic.pl\/en\/wp-json\/wp\/v2\/pages"}],"about":[{"href":"https:\/\/humitopic.pl\/en\/wp-json\/wp\/v2\/types\/page"}],"author":[{"embeddable":true,"href":"https:\/\/humitopic.pl\/en\/wp-json\/wp\/v2\/users\/2"}],"replies":[{"embeddable":true,"href":"https:\/\/humitopic.pl\/en\/wp-json\/wp\/v2\/comments?post=310"}],"version-history":[{"count":4,"href":"https:\/\/humitopic.pl\/en\/wp-json\/wp\/v2\/pages\/310\/revisions"}],"predecessor-version":[{"id":467,"href":"https:\/\/humitopic.pl\/en\/wp-json\/wp\/v2\/pages\/310\/revisions\/467"}],"wp:attachment":[{"href":"https:\/\/humitopic.pl\/en\/wp-json\/wp\/v2\/media?parent=310"}],"curies":[{"name":"wp","href":"https:\/\/api.w.org\/{rel}","templated":true}]}}